{"id":4562,"date":"2025-06-25T16:00:58","date_gmt":"2025-06-25T14:00:58","guid":{"rendered":"https:\/\/textall.tn\/?post_type=product&#038;p=4562"},"modified":"2025-06-25T16:00:59","modified_gmt":"2025-06-25T14:00:59","slug":"housse-de-valise-rosso-classico-taille-m","status":"publish","type":"product","link":"https:\/\/textall.tn\/index.php\/produit\/housse-de-valise-rosso-classico-taille-m\/","title":{"rendered":"Housse de valise \u2013 Rosso Classico (taille M)"},"content":{"rendered":"<p>Voyagez sereinement avec la housse Rosso Classico en <strong data-start=\"1282\" data-end=\"1294\">taille M<\/strong>, adapt\u00e9e aux valises de <strong data-start=\"1319\" data-end=\"1337\">23 \u00e0 26 pouces<\/strong>.<br data-start=\"1338\" data-end=\"1341\" \/>\u2714\ufe0f Une <strong data-start=\"1348\" data-end=\"1369\">coupe universelle<\/strong> avec 3 ouvertures zipp\u00e9es (haut + c\u00f4t\u00e9s)<br data-start=\"1410\" data-end=\"1413\" \/>\u2714\ufe0f Une <strong data-start=\"1420\" data-end=\"1458\">fermeture \u00e9clair inf\u00e9rieure solide<\/strong> pour un maintien optimal<br data-start=\"1483\" data-end=\"1486\" \/>\u2714\ufe0f Un <strong data-start=\"1492\" data-end=\"1511\">QR code int\u00e9gr\u00e9<\/strong> permettant d&#8217;afficher votre profil et contacts<br data-start=\"1558\" data-end=\"1561\" \/>\u2714\ufe0f Un tissu souple, stretch et \u00e9l\u00e9gant, qui sublime votre bagage<\/p>\n","protected":false},"excerpt":{"rendered":"<p data-start=\"1081\" data-end=\"1200\">Housse bordeaux taille M pour valises moyennes. S\u00e9curit\u00e9, QR code, design \u00e9l\u00e9gant et coupe universelle. Parfaite pour les courts s\u00e9jours.<\/p>\n","protected":false},"featured_media":4382,"comment_status":"open","ping_status":"closed","template":"","meta":{"_monsterinsights_skip_tracking":false,"_monsterinsights_sitenote_active":false,"_monsterinsights_sitenote_note":"","_monsterinsights_sitenote_category":0},"product_brand":[],"product_cat":[16,173],"product_tag":[175,176],"class_list":{"0":"post-4562","1":"product","2":"type-product","3":"status-publish","4":"has-post-thumbnail","6":"product_cat-housses-valise","7":"product_cat-taille-m","8":"product_tag-housse-de-valise","9":"product_tag-qr-code","11":"first","12":"instock","13":"shipping-taxable","14":"purchasable","15":"product-type-simple"},"aioseo_notices":[],"_links":{"self":[{"href":"https:\/\/textall.tn\/index.php\/wp-json\/wp\/v2\/product\/4562","targetHints":{"allow":["GET"]}}],"collection":[{"href":"https:\/\/textall.tn\/index.php\/wp-json\/wp\/v2\/product"}],"about":[{"href":"https:\/\/textall.tn\/index.php\/wp-json\/wp\/v2\/types\/product"}],"replies":[{"embeddable":true,"href":"https:\/\/textall.tn\/index.php\/wp-json\/wp\/v2\/comments?post=4562"}],"wp:featuredmedia":[{"embeddable":true,"href":"https:\/\/textall.tn\/index.php\/wp-json\/wp\/v2\/media\/4382"}],"wp:attachment":[{"href":"https:\/\/textall.tn\/index.php\/wp-json\/wp\/v2\/media?parent=4562"}],"wp:term":[{"taxonomy":"product_brand","embeddable":true,"href":"https:\/\/textall.tn\/index.php\/wp-json\/wp\/v2\/product_brand?post=4562"},{"taxonomy":"product_cat","embeddable":true,"href":"https:\/\/textall.tn\/index.php\/wp-json\/wp\/v2\/product_cat?post=4562"},{"taxonomy":"product_tag","embeddable":true,"href":"https:\/\/textall.tn\/index.php\/wp-json\/wp\/v2\/product_tag?post=4562"}],"curies":[{"name":"wp","href":"https:\/\/api.w.org\/{rel}","templated":true}]}}