{"id":4558,"date":"2025-06-25T15:52:50","date_gmt":"2025-06-25T13:52:50","guid":{"rendered":"https:\/\/textall.tn\/?post_type=product&#038;p=4558"},"modified":"2025-06-25T15:56:34","modified_gmt":"2025-06-25T13:56:34","slug":"housse-de-valise-rosso-classico-s-m-l","status":"publish","type":"product","link":"https:\/\/textall.tn\/index.php\/produit\/housse-de-valise-rosso-classico-s-m-l\/","title":{"rendered":"Housse de valise  \u2013 Rosso Classico (S , M , L)"},"content":{"rendered":"<p data-start=\"3429\" data-end=\"3918\">Optez pour le <strong data-start=\"3470\" data-end=\"3501\">pack complet Rosso Classico<\/strong> : trois housses bordeaux \u00e9l\u00e9gantes pour vos valises <strong data-start=\"3554\" data-end=\"3595\">S (cabine), M (moyenne) et L (grande)<\/strong>.<br data-start=\"3596\" data-end=\"3599\" \/>Id\u00e9al pour les familles, les globe-trotteurs ou les passionn\u00e9s de style.<br data-start=\"3671\" data-end=\"3674\" \/>\u2714\ufe0f 3 housses assorties, chic et pratiques<br data-start=\"3715\" data-end=\"3718\" \/>\u2714\ufe0f QR code personnalis\u00e9 sur chaque housse<br data-start=\"3759\" data-end=\"3762\" \/>\u2714\ufe0f 3 zips adapt\u00e9s \u00e0 toutes les poign\u00e9es + fermeture inf\u00e9rieure<br data-start=\"3824\" data-end=\"3827\" \/>\u2714\ufe0f Mati\u00e8re r\u00e9sistante et extensible<br data-start=\"3862\" data-end=\"3865\" \/>\u2714\ufe0f Un rendu harmonieux pour voyager en toute \u00e9l\u00e9gance<\/p>\n<p data-start=\"3920\" data-end=\"4004\">Le pack malin pour allier <strong data-start=\"3946\" data-end=\"3984\">protection, s\u00e9curit\u00e9 et esth\u00e9tique<\/strong>, \u00e0 prix avantageux.<\/p>\n","protected":false},"excerpt":{"rendered":"<p>Les 3 tailles r\u00e9unies pour un look chic et harmonieux. QR code inclus. Protection compl\u00e8te et uniforme.<\/p>\n","protected":false},"featured_media":4559,"comment_status":"open","ping_status":"closed","template":"","meta":{"_monsterinsights_skip_tracking":false,"_monsterinsights_sitenote_active":false,"_monsterinsights_sitenote_note":"","_monsterinsights_sitenote_category":0},"product_brand":[],"product_cat":[16,177,159,173,174],"product_tag":[175,178,176],"class_list":{"0":"post-4558","1":"product","2":"type-product","3":"status-publish","4":"has-post-thumbnail","6":"product_cat-housses-valise","7":"product_cat-pack-complet","8":"product_cat-taille-l","9":"product_cat-taille-m","10":"product_cat-taille-s","11":"product_tag-housse-de-valise","12":"product_tag-pack-complet-de-housses","13":"product_tag-qr-code","15":"first","16":"instock","17":"shipping-taxable","18":"purchasable","19":"product-type-simple"},"aioseo_notices":[],"_links":{"self":[{"href":"https:\/\/textall.tn\/index.php\/wp-json\/wp\/v2\/product\/4558","targetHints":{"allow":["GET"]}}],"collection":[{"href":"https:\/\/textall.tn\/index.php\/wp-json\/wp\/v2\/product"}],"about":[{"href":"https:\/\/textall.tn\/index.php\/wp-json\/wp\/v2\/types\/product"}],"replies":[{"embeddable":true,"href":"https:\/\/textall.tn\/index.php\/wp-json\/wp\/v2\/comments?post=4558"}],"wp:featuredmedia":[{"embeddable":true,"href":"https:\/\/textall.tn\/index.php\/wp-json\/wp\/v2\/media\/4559"}],"wp:attachment":[{"href":"https:\/\/textall.tn\/index.php\/wp-json\/wp\/v2\/media?parent=4558"}],"wp:term":[{"taxonomy":"product_brand","embeddable":true,"href":"https:\/\/textall.tn\/index.php\/wp-json\/wp\/v2\/product_brand?post=4558"},{"taxonomy":"product_cat","embeddable":true,"href":"https:\/\/textall.tn\/index.php\/wp-json\/wp\/v2\/product_cat?post=4558"},{"taxonomy":"product_tag","embeddable":true,"href":"https:\/\/textall.tn\/index.php\/wp-json\/wp\/v2\/product_tag?post=4558"}],"curies":[{"name":"wp","href":"https:\/\/api.w.org\/{rel}","templated":true}]}}