{"id":4553,"date":"2025-06-25T15:39:31","date_gmt":"2025-06-25T13:39:31","guid":{"rendered":"https:\/\/textall.tn\/?post_type=product&#038;p=4553"},"modified":"2025-06-25T15:39:31","modified_gmt":"2025-06-25T13:39:31","slug":"housses-de-valise-noir-classique-s-m-l","status":"publish","type":"product","link":"https:\/\/textall.tn\/index.php\/produit\/housses-de-valise-noir-classique-s-m-l\/","title":{"rendered":"Housses de valise \u2013 Noir Classique (S, M, L)"},"content":{"rendered":"<blockquote data-start=\"3643\" data-end=\"3848\">\n<p data-start=\"3645\" data-end=\"3848\">Le <strong data-start=\"3648\" data-end=\"3671\">pack Noir Classique<\/strong> vous permet d&#8217;\u00e9quiper toutes vos valises avec style. Il contient :<br data-start=\"3738\" data-end=\"3741\" \/>\u2714\ufe0f 1 housse Taille S (50\u201355 cm)<br data-start=\"3774\" data-end=\"3777\" \/>\u2714\ufe0f 1 housse Taille M (60\u201365 cm)<br data-start=\"3810\" data-end=\"3813\" \/>\u2714\ufe0f 1 housse Taille L (70\u201375 cm)<\/p>\n<\/blockquote>\n<p data-start=\"3850\" data-end=\"3876\">Chaque housse comprend :<\/p>\n<blockquote data-start=\"3877\" data-end=\"4098\">\n<p data-start=\"3879\" data-end=\"4098\">\u2714\ufe0f <strong data-start=\"3882\" data-end=\"3904\">Design noir unifi\u00e9<\/strong>, sobre, \u00e9l\u00e9gant, mixte<br data-start=\"3927\" data-end=\"3930\" \/>\u2714\ufe0f <strong data-start=\"3935\" data-end=\"3971\">Tissu extensible et anti-rayures<\/strong><br data-start=\"3971\" data-end=\"3974\" \/>\u2714\ufe0f <strong data-start=\"3979\" data-end=\"4033\">3 zips universels + fermeture inf\u00e9rieure renforc\u00e9e<\/strong><br data-start=\"4033\" data-end=\"4036\" \/>\u2714\ufe0f <strong data-start=\"4041\" data-end=\"4060\">QR code int\u00e9gr\u00e9<\/strong>, personnalisable pour chaque taille<\/p>\n<\/blockquote>\n<p data-start=\"4100\" data-end=\"4177\">\ud83e\uddf3 Une solution \u00e9l\u00e9gante, pratique et s\u00e9curis\u00e9e pour les voyageurs organis\u00e9s.<\/p>\n","protected":false},"excerpt":{"rendered":"<p>Ensemble complet noir : housses S, M, L. Tissu stretch noir, fermeture s\u00e9curis\u00e9e, QR codes personnalisables. Sobri\u00e9t\u00e9 et fonctionnalit\u00e9.<\/p>\n","protected":false},"featured_media":4554,"comment_status":"open","ping_status":"closed","template":"","meta":{"_monsterinsights_skip_tracking":false,"_monsterinsights_sitenote_active":false,"_monsterinsights_sitenote_note":"","_monsterinsights_sitenote_category":0},"product_brand":[],"product_cat":[16,177,159,173,174],"product_tag":[175,178,176],"class_list":{"0":"post-4553","1":"product","2":"type-product","3":"status-publish","4":"has-post-thumbnail","6":"product_cat-housses-valise","7":"product_cat-pack-complet","8":"product_cat-taille-l","9":"product_cat-taille-m","10":"product_cat-taille-s","11":"product_tag-housse-de-valise","12":"product_tag-pack-complet-de-housses","13":"product_tag-qr-code","15":"first","16":"instock","17":"shipping-taxable","18":"purchasable","19":"product-type-simple"},"aioseo_notices":[],"_links":{"self":[{"href":"https:\/\/textall.tn\/index.php\/wp-json\/wp\/v2\/product\/4553","targetHints":{"allow":["GET"]}}],"collection":[{"href":"https:\/\/textall.tn\/index.php\/wp-json\/wp\/v2\/product"}],"about":[{"href":"https:\/\/textall.tn\/index.php\/wp-json\/wp\/v2\/types\/product"}],"replies":[{"embeddable":true,"href":"https:\/\/textall.tn\/index.php\/wp-json\/wp\/v2\/comments?post=4553"}],"wp:featuredmedia":[{"embeddable":true,"href":"https:\/\/textall.tn\/index.php\/wp-json\/wp\/v2\/media\/4554"}],"wp:attachment":[{"href":"https:\/\/textall.tn\/index.php\/wp-json\/wp\/v2\/media?parent=4553"}],"wp:term":[{"taxonomy":"product_brand","embeddable":true,"href":"https:\/\/textall.tn\/index.php\/wp-json\/wp\/v2\/product_brand?post=4553"},{"taxonomy":"product_cat","embeddable":true,"href":"https:\/\/textall.tn\/index.php\/wp-json\/wp\/v2\/product_cat?post=4553"},{"taxonomy":"product_tag","embeddable":true,"href":"https:\/\/textall.tn\/index.php\/wp-json\/wp\/v2\/product_tag?post=4553"}],"curies":[{"name":"wp","href":"https:\/\/api.w.org\/{rel}","templated":true}]}}