{"id":4546,"date":"2025-06-25T14:14:37","date_gmt":"2025-06-25T12:14:37","guid":{"rendered":"https:\/\/textall.tn\/?post_type=product&#038;p=4546"},"modified":"2025-06-25T14:15:26","modified_gmt":"2025-06-25T12:15:26","slug":"housse-de-valise-rosana-taille-s","status":"publish","type":"product","link":"https:\/\/textall.tn\/index.php\/produit\/housse-de-valise-rosana-taille-s\/","title":{"rendered":"Housse de valise \u2013 Rosana (Taille S)"},"content":{"rendered":"<p data-start=\"737\" data-end=\"1104\">La housse <strong data-start=\"747\" data-end=\"768\">Rosana \u2013 Taille S<\/strong> est con\u00e7ue pour les valises cabines de <strong data-start=\"808\" data-end=\"837\">50 \u00e0 55 cm (18\u201321 pouces)<\/strong>.<br data-start=\"838\" data-end=\"841\" \/>\u2714\ufe0f <strong data-start=\"846\" data-end=\"887\">Couleur rose pastel douce et \u00e9l\u00e9gante<\/strong><br data-start=\"887\" data-end=\"890\" \/>\u2714\ufe0f Tissu extensible anti-rayures<br data-start=\"924\" data-end=\"927\" \/>\u2714\ufe0f <strong data-start=\"932\" data-end=\"955\">3 zips fonctionnels<\/strong> (haut + c\u00f4t\u00e9s)<br data-start=\"970\" data-end=\"973\" \/>\u2714\ufe0f <strong data-start=\"978\" data-end=\"1012\">Fermeture inf\u00e9rieure renforc\u00e9e<\/strong> pour un maintien parfait<br data-start=\"1037\" data-end=\"1040\" \/>\u2714\ufe0f <strong data-start=\"1045\" data-end=\"1064\">QR code int\u00e9gr\u00e9<\/strong>, personnalisable pour vos coordonn\u00e9es<\/p>\n<p data-start=\"1111\" data-end=\"1192\">Id\u00e9ale pour les jeunes voyageuses, les mamans ou les amoureuses du rose tendre \ud83c\udf37<\/p>\n","protected":false},"excerpt":{"rendered":"<p>Pour valise cabine (50\u201355 cm). Housse rose b\u00e9b\u00e9 Rosana, tissu extensible, QR code int\u00e9gr\u00e9 et fermeture renforc\u00e9e.<\/p>\n","protected":false},"featured_media":4380,"comment_status":"open","ping_status":"closed","template":"","meta":{"_monsterinsights_skip_tracking":false,"_monsterinsights_sitenote_active":false,"_monsterinsights_sitenote_note":"","_monsterinsights_sitenote_category":0},"product_brand":[],"product_cat":[16,174],"product_tag":[175,176],"class_list":{"0":"post-4546","1":"product","2":"type-product","3":"status-publish","4":"has-post-thumbnail","6":"product_cat-housses-valise","7":"product_cat-taille-s","8":"product_tag-housse-de-valise","9":"product_tag-qr-code","11":"first","12":"instock","13":"shipping-taxable","14":"purchasable","15":"product-type-simple"},"aioseo_notices":[],"_links":{"self":[{"href":"https:\/\/textall.tn\/index.php\/wp-json\/wp\/v2\/product\/4546","targetHints":{"allow":["GET"]}}],"collection":[{"href":"https:\/\/textall.tn\/index.php\/wp-json\/wp\/v2\/product"}],"about":[{"href":"https:\/\/textall.tn\/index.php\/wp-json\/wp\/v2\/types\/product"}],"replies":[{"embeddable":true,"href":"https:\/\/textall.tn\/index.php\/wp-json\/wp\/v2\/comments?post=4546"}],"wp:featuredmedia":[{"embeddable":true,"href":"https:\/\/textall.tn\/index.php\/wp-json\/wp\/v2\/media\/4380"}],"wp:attachment":[{"href":"https:\/\/textall.tn\/index.php\/wp-json\/wp\/v2\/media?parent=4546"}],"wp:term":[{"taxonomy":"product_brand","embeddable":true,"href":"https:\/\/textall.tn\/index.php\/wp-json\/wp\/v2\/product_brand?post=4546"},{"taxonomy":"product_cat","embeddable":true,"href":"https:\/\/textall.tn\/index.php\/wp-json\/wp\/v2\/product_cat?post=4546"},{"taxonomy":"product_tag","embeddable":true,"href":"https:\/\/textall.tn\/index.php\/wp-json\/wp\/v2\/product_tag?post=4546"}],"curies":[{"name":"wp","href":"https:\/\/api.w.org\/{rel}","templated":true}]}}