{"id":4545,"date":"2025-06-25T14:12:49","date_gmt":"2025-06-25T12:12:49","guid":{"rendered":"https:\/\/textall.tn\/?post_type=product&#038;p=4545"},"modified":"2025-06-25T14:12:49","modified_gmt":"2025-06-25T12:12:49","slug":"housse-de-valise-rosana-taille-m","status":"publish","type":"product","link":"https:\/\/textall.tn\/index.php\/produit\/housse-de-valise-rosana-taille-m\/","title":{"rendered":"Housse de valise \u2013 Rosana (Taille M)"},"content":{"rendered":"<p data-start=\"1645\" data-end=\"1955\">La housse <strong data-start=\"1655\" data-end=\"1676\">Rosana \u2013 Taille M<\/strong> est id\u00e9ale pour les valises de <strong data-start=\"1708\" data-end=\"1737\">60 \u00e0 65 cm (22\u201325 pouces)<\/strong>.<br data-start=\"1738\" data-end=\"1741\" \/>\u2714\ufe0f Design <strong data-start=\"1753\" data-end=\"1778\">minimaliste rose b\u00e9b\u00e9<\/strong> au charme doux<br data-start=\"1793\" data-end=\"1796\" \/>\u2714\ufe0f Mati\u00e8re extensible, r\u00e9sistante et lavable<br data-start=\"1842\" data-end=\"1845\" \/>\u2714\ufe0f <strong data-start=\"1850\" data-end=\"1899\">3 ouvertures zipp\u00e9es + zip inf\u00e9rieur renforc\u00e9<\/strong><br data-start=\"1899\" data-end=\"1902\" \/>\u2714\ufe0f <strong data-start=\"1907\" data-end=\"1926\">QR code int\u00e9gr\u00e9<\/strong> (profil, Insta, WhatsApp\u2026)<\/p>\n<p data-start=\"1962\" data-end=\"2037\">Une housse qui allie praticit\u00e9 et raffinement avec une touche de tendresse.<\/p>\n","protected":false},"excerpt":{"rendered":"<p>Valise moyenne (60\u201365 cm). Tissu stretch rose pastel, fermeture s\u00e9curis\u00e9e et QR code personnalis\u00e9.<\/p>\n","protected":false},"featured_media":4379,"comment_status":"open","ping_status":"closed","template":"","meta":{"_monsterinsights_skip_tracking":false,"_monsterinsights_sitenote_active":false,"_monsterinsights_sitenote_note":"","_monsterinsights_sitenote_category":0},"product_brand":[],"product_cat":[16,173],"product_tag":[],"class_list":{"0":"post-4545","1":"product","2":"type-product","3":"status-publish","4":"has-post-thumbnail","6":"product_cat-housses-valise","7":"product_cat-taille-m","9":"first","10":"instock","11":"shipping-taxable","12":"purchasable","13":"product-type-simple"},"aioseo_notices":[],"_links":{"self":[{"href":"https:\/\/textall.tn\/index.php\/wp-json\/wp\/v2\/product\/4545","targetHints":{"allow":["GET"]}}],"collection":[{"href":"https:\/\/textall.tn\/index.php\/wp-json\/wp\/v2\/product"}],"about":[{"href":"https:\/\/textall.tn\/index.php\/wp-json\/wp\/v2\/types\/product"}],"replies":[{"embeddable":true,"href":"https:\/\/textall.tn\/index.php\/wp-json\/wp\/v2\/comments?post=4545"}],"wp:featuredmedia":[{"embeddable":true,"href":"https:\/\/textall.tn\/index.php\/wp-json\/wp\/v2\/media\/4379"}],"wp:attachment":[{"href":"https:\/\/textall.tn\/index.php\/wp-json\/wp\/v2\/media?parent=4545"}],"wp:term":[{"taxonomy":"product_brand","embeddable":true,"href":"https:\/\/textall.tn\/index.php\/wp-json\/wp\/v2\/product_brand?post=4545"},{"taxonomy":"product_cat","embeddable":true,"href":"https:\/\/textall.tn\/index.php\/wp-json\/wp\/v2\/product_cat?post=4545"},{"taxonomy":"product_tag","embeddable":true,"href":"https:\/\/textall.tn\/index.php\/wp-json\/wp\/v2\/product_tag?post=4545"}],"curies":[{"name":"wp","href":"https:\/\/api.w.org\/{rel}","templated":true}]}}