{"id":4543,"date":"2025-06-25T14:11:13","date_gmt":"2025-06-25T12:11:13","guid":{"rendered":"https:\/\/textall.tn\/?post_type=product&#038;p=4543"},"modified":"2025-06-25T14:11:14","modified_gmt":"2025-06-25T12:11:14","slug":"housse-de-valise-rosana-taille-l","status":"publish","type":"product","link":"https:\/\/textall.tn\/index.php\/produit\/housse-de-valise-rosana-taille-l\/","title":{"rendered":"Housse de valise \u2013 Rosana (Taille L)"},"content":{"rendered":"<p data-start=\"2483\" data-end=\"2825\">La housse <strong data-start=\"2493\" data-end=\"2514\">Rosana \u2013 Taille L<\/strong> convient aux valises grandes tailles de <strong data-start=\"2555\" data-end=\"2584\">70 \u00e0 75 cm (26\u201329 pouces)<\/strong>.<br data-start=\"2585\" data-end=\"2588\" \/>\u2714\ufe0f <strong data-start=\"2593\" data-end=\"2616\">Coloris rose pastel<\/strong> doux, apaisant et tr\u00e8s f\u00e9minin<br data-start=\"2647\" data-end=\"2650\" \/>\u2714\ufe0f Tissu \u00e9lastique solide et protecteur<br data-start=\"2691\" data-end=\"2694\" \/>\u2714\ufe0f <strong data-start=\"2699\" data-end=\"2756\">3 ouvertures zipp\u00e9es + fermeture inf\u00e9rieure renforc\u00e9e<\/strong><br data-start=\"2756\" data-end=\"2759\" \/>\u2714\ufe0f <strong data-start=\"2764\" data-end=\"2783\">QR code int\u00e9gr\u00e9<\/strong> pour identifier facilement votre valise<\/p>\n<p data-start=\"2832\" data-end=\"2893\">Parfaite pour les longs s\u00e9jours, tout en l\u00e9g\u00e8ret\u00e9 et douceur.<\/p>\n","protected":false},"excerpt":{"rendered":"<p>Format L (70\u201375 cm). Housse stretch rose b\u00e9b\u00e9, look chic, QR code int\u00e9gr\u00e9, s\u00e9curit\u00e9 assur\u00e9e.<\/p>\n","protected":false},"featured_media":4378,"comment_status":"open","ping_status":"closed","template":"","meta":{"_monsterinsights_skip_tracking":false,"_monsterinsights_sitenote_active":false,"_monsterinsights_sitenote_note":"","_monsterinsights_sitenote_category":0},"product_brand":[],"product_cat":[16,159],"product_tag":[175,176],"class_list":{"0":"post-4543","1":"product","2":"type-product","3":"status-publish","4":"has-post-thumbnail","6":"product_cat-housses-valise","7":"product_cat-taille-l","8":"product_tag-housse-de-valise","9":"product_tag-qr-code","11":"first","12":"instock","13":"shipping-taxable","14":"purchasable","15":"product-type-simple"},"aioseo_notices":[],"_links":{"self":[{"href":"https:\/\/textall.tn\/index.php\/wp-json\/wp\/v2\/product\/4543","targetHints":{"allow":["GET"]}}],"collection":[{"href":"https:\/\/textall.tn\/index.php\/wp-json\/wp\/v2\/product"}],"about":[{"href":"https:\/\/textall.tn\/index.php\/wp-json\/wp\/v2\/types\/product"}],"replies":[{"embeddable":true,"href":"https:\/\/textall.tn\/index.php\/wp-json\/wp\/v2\/comments?post=4543"}],"wp:featuredmedia":[{"embeddable":true,"href":"https:\/\/textall.tn\/index.php\/wp-json\/wp\/v2\/media\/4378"}],"wp:attachment":[{"href":"https:\/\/textall.tn\/index.php\/wp-json\/wp\/v2\/media?parent=4543"}],"wp:term":[{"taxonomy":"product_brand","embeddable":true,"href":"https:\/\/textall.tn\/index.php\/wp-json\/wp\/v2\/product_brand?post=4543"},{"taxonomy":"product_cat","embeddable":true,"href":"https:\/\/textall.tn\/index.php\/wp-json\/wp\/v2\/product_cat?post=4543"},{"taxonomy":"product_tag","embeddable":true,"href":"https:\/\/textall.tn\/index.php\/wp-json\/wp\/v2\/product_tag?post=4543"}],"curies":[{"name":"wp","href":"https:\/\/api.w.org\/{rel}","templated":true}]}}