{"id":4510,"date":"2025-06-22T21:53:49","date_gmt":"2025-06-22T19:53:49","guid":{"rendered":"https:\/\/textall.tn\/?post_type=product&#038;p=4510"},"modified":"2025-06-22T21:53:49","modified_gmt":"2025-06-22T19:53:49","slug":"housses-de-valise-rosana-s-m-l","status":"publish","type":"product","link":"https:\/\/textall.tn\/index.php\/produit\/housses-de-valise-rosana-s-m-l\/","title":{"rendered":"Housses de valise-Rosana (S, M, L)"},"content":{"rendered":"<blockquote data-start=\"3394\" data-end=\"3551\">\n<p data-start=\"3396\" data-end=\"3551\">Le <strong data-start=\"3399\" data-end=\"3414\">pack Rosana<\/strong> comprend :<br data-start=\"3425\" data-end=\"3428\" \/>\u2714\ufe0f 1 housse Taille S (valise cabine)<br data-start=\"3466\" data-end=\"3469\" \/>\u2714\ufe0f 1 housse Taille M (valise moyenne)<br data-start=\"3508\" data-end=\"3511\" \/>\u2714\ufe0f 1 housse Taille L (grande valise)<\/p>\n<\/blockquote>\n<p data-start=\"3553\" data-end=\"3576\">Chaque housse offre :<\/p>\n<blockquote data-start=\"3577\" data-end=\"3806\">\n<p data-start=\"3579\" data-end=\"3730\">\u2714\ufe0f <strong data-start=\"3582\" data-end=\"3612\">Tissu rose b\u00e9b\u00e9 extensible<\/strong> et r\u00e9sistant<br data-start=\"3625\" data-end=\"3628\" \/>\u2714\ufe0f <strong data-start=\"3633\" data-end=\"3685\">3 zips lat\u00e9raux + fermeture inf\u00e9rieure s\u00e9curis\u00e9e<\/strong><br data-start=\"3685\" data-end=\"3688\" \/>\u2714\ufe0f <strong data-start=\"3693\" data-end=\"3712\">QR code int\u00e9gr\u00e9<\/strong> \u00e0 personnaliser<\/p>\n<p data-start=\"3737\" data-end=\"3806\">\ud83c\udf38 Pour celles qui veulent voyager avec \u00e9l\u00e9gance, confort et douceur.<\/p>\n<\/blockquote>\n","protected":false},"excerpt":{"rendered":"<p>Pack Rosana 3 tailles. Tissu rose pastel, stretch et s\u00e9curis\u00e9, QR code personnalis\u00e9 inclus. Chic, doux et pratique.<\/p>\n","protected":false},"featured_media":4512,"comment_status":"open","ping_status":"closed","template":"","meta":{"_monsterinsights_skip_tracking":false,"_monsterinsights_sitenote_active":false,"_monsterinsights_sitenote_note":"","_monsterinsights_sitenote_category":0},"product_brand":[],"product_cat":[16,177],"product_tag":[175,178,176],"class_list":{"0":"post-4510","1":"product","2":"type-product","3":"status-publish","4":"has-post-thumbnail","6":"product_cat-housses-valise","7":"product_cat-pack-complet","8":"product_tag-housse-de-valise","9":"product_tag-pack-complet-de-housses","10":"product_tag-qr-code","12":"first","13":"instock","14":"shipping-taxable","15":"purchasable","16":"product-type-simple"},"aioseo_notices":[],"_links":{"self":[{"href":"https:\/\/textall.tn\/index.php\/wp-json\/wp\/v2\/product\/4510","targetHints":{"allow":["GET"]}}],"collection":[{"href":"https:\/\/textall.tn\/index.php\/wp-json\/wp\/v2\/product"}],"about":[{"href":"https:\/\/textall.tn\/index.php\/wp-json\/wp\/v2\/types\/product"}],"replies":[{"embeddable":true,"href":"https:\/\/textall.tn\/index.php\/wp-json\/wp\/v2\/comments?post=4510"}],"wp:featuredmedia":[{"embeddable":true,"href":"https:\/\/textall.tn\/index.php\/wp-json\/wp\/v2\/media\/4512"}],"wp:attachment":[{"href":"https:\/\/textall.tn\/index.php\/wp-json\/wp\/v2\/media?parent=4510"}],"wp:term":[{"taxonomy":"product_brand","embeddable":true,"href":"https:\/\/textall.tn\/index.php\/wp-json\/wp\/v2\/product_brand?post=4510"},{"taxonomy":"product_cat","embeddable":true,"href":"https:\/\/textall.tn\/index.php\/wp-json\/wp\/v2\/product_cat?post=4510"},{"taxonomy":"product_tag","embeddable":true,"href":"https:\/\/textall.tn\/index.php\/wp-json\/wp\/v2\/product_tag?post=4510"}],"curies":[{"name":"wp","href":"https:\/\/api.w.org\/{rel}","templated":true}]}}