{"id":4508,"date":"2025-06-22T21:46:44","date_gmt":"2025-06-22T19:46:44","guid":{"rendered":"https:\/\/textall.tn\/?post_type=product&#038;p=4508"},"modified":"2025-06-22T21:58:50","modified_gmt":"2025-06-22T19:58:50","slug":"housse-de-valise-nuit-sauvage-taille-m","status":"publish","type":"product","link":"https:\/\/textall.tn\/index.php\/produit\/housse-de-valise-nuit-sauvage-taille-m\/","title":{"rendered":"Housse de valise \u2013 Nuit Sauvage (Taille M)"},"content":{"rendered":"<p data-start=\"1754\" data-end=\"2106\">La housse <strong data-start=\"1764\" data-end=\"1791\">Nuit Sauvage \u2013 Taille M<\/strong> est con\u00e7ue pour les valises moyennes de <strong data-start=\"1832\" data-end=\"1861\">60 \u00e0 65 cm (22\u201325 pouces)<\/strong>.<br data-start=\"1862\" data-end=\"1865\" \/>\u2714\ufe0f Look <strong data-start=\"1875\" data-end=\"1902\">noir profond et raffin\u00e9<\/strong>, sobre et intemporel<br data-start=\"1923\" data-end=\"1926\" \/>\u2714\ufe0f Tissu stretch, anti-rayures et lavable<br data-start=\"1969\" data-end=\"1972\" \/>\u2714\ufe0f <strong data-start=\"1977\" data-end=\"2009\">3 zips lat\u00e9raux et sup\u00e9rieur<\/strong> + fermeture inf\u00e9rieure renforc\u00e9e<br data-start=\"2042\" data-end=\"2045\" \/>\u2714\ufe0f <strong data-start=\"2050\" data-end=\"2069\">QR code int\u00e9gr\u00e9<\/strong>, personnalisable selon vos besoins<\/p>\n<p data-start=\"2113\" data-end=\"2194\">Id\u00e9al pour les professionnels ou les voyageurs qui aiment la discr\u00e9tion \u00e9l\u00e9gante.<\/p>\n","protected":false},"excerpt":{"rendered":"<p>Taille M (60\u201365 cm). Housse stretch au style discret, s\u00e9curis\u00e9e et pratique avec QR code int\u00e9gr\u00e9.<\/p>\n","protected":false},"featured_media":4388,"comment_status":"open","ping_status":"closed","template":"","meta":{"_monsterinsights_skip_tracking":false,"_monsterinsights_sitenote_active":false,"_monsterinsights_sitenote_note":"","_monsterinsights_sitenote_category":0},"product_brand":[],"product_cat":[16,173],"product_tag":[175,176],"class_list":{"0":"post-4508","1":"product","2":"type-product","3":"status-publish","4":"has-post-thumbnail","6":"product_cat-housses-valise","7":"product_cat-taille-m","8":"product_tag-housse-de-valise","9":"product_tag-qr-code","11":"first","12":"instock","13":"shipping-taxable","14":"purchasable","15":"product-type-simple"},"aioseo_notices":[],"_links":{"self":[{"href":"https:\/\/textall.tn\/index.php\/wp-json\/wp\/v2\/product\/4508","targetHints":{"allow":["GET"]}}],"collection":[{"href":"https:\/\/textall.tn\/index.php\/wp-json\/wp\/v2\/product"}],"about":[{"href":"https:\/\/textall.tn\/index.php\/wp-json\/wp\/v2\/types\/product"}],"replies":[{"embeddable":true,"href":"https:\/\/textall.tn\/index.php\/wp-json\/wp\/v2\/comments?post=4508"}],"wp:featuredmedia":[{"embeddable":true,"href":"https:\/\/textall.tn\/index.php\/wp-json\/wp\/v2\/media\/4388"}],"wp:attachment":[{"href":"https:\/\/textall.tn\/index.php\/wp-json\/wp\/v2\/media?parent=4508"}],"wp:term":[{"taxonomy":"product_brand","embeddable":true,"href":"https:\/\/textall.tn\/index.php\/wp-json\/wp\/v2\/product_brand?post=4508"},{"taxonomy":"product_cat","embeddable":true,"href":"https:\/\/textall.tn\/index.php\/wp-json\/wp\/v2\/product_cat?post=4508"},{"taxonomy":"product_tag","embeddable":true,"href":"https:\/\/textall.tn\/index.php\/wp-json\/wp\/v2\/product_tag?post=4508"}],"curies":[{"name":"wp","href":"https:\/\/api.w.org\/{rel}","templated":true}]}}