{"id":4505,"date":"2025-06-22T21:22:25","date_gmt":"2025-06-22T19:22:25","guid":{"rendered":"https:\/\/textall.tn\/?post_type=product&#038;p=4505"},"modified":"2025-06-22T21:22:25","modified_gmt":"2025-06-22T19:22:25","slug":"housse-de-valise-fleur-du-feu-taille-s","status":"publish","type":"product","link":"https:\/\/textall.tn\/index.php\/produit\/housse-de-valise-fleur-du-feu-taille-s\/","title":{"rendered":"Housse de valise \u2013 Fleur du Feu (Taille S)"},"content":{"rendered":"<p data-start=\"723\" data-end=\"1156\">La housse <strong data-start=\"733\" data-end=\"760\">Fleur du Feu \u2013 Taille S<\/strong> est parfaite pour les valises cabines de <strong data-start=\"802\" data-end=\"831\">50 \u00e0 55 cm (18\u201321 pouces)<\/strong>.<br data-start=\"832\" data-end=\"835\" \/>\u2714\ufe0f <strong data-start=\"840\" data-end=\"874\">Design floral rouge flamboyant<\/strong>, inspir\u00e9 de l\u2019\u00e9nergie et de la passion<br data-start=\"913\" data-end=\"916\" \/>\u2714\ufe0f Tissu extensible anti-rayures<br data-start=\"950\" data-end=\"953\" \/>\u2714\ufe0f <strong data-start=\"958\" data-end=\"992\">3 ouvertures zipp\u00e9es pratiques<\/strong> (haut et c\u00f4t\u00e9s)<br data-start=\"1008\" data-end=\"1011\" \/>\u2714\ufe0f <strong data-start=\"1016\" data-end=\"1057\">Fermeture inf\u00e9rieure zipp\u00e9e renforc\u00e9e<\/strong> pour une bonne tenue<br data-start=\"1078\" data-end=\"1081\" \/>\u2714\ufe0f <strong data-start=\"1086\" data-end=\"1105\">QR code int\u00e9gr\u00e9<\/strong>, personnalisable pour s\u00e9curiser vos informations<\/p>\n<p data-start=\"1163\" data-end=\"1221\">Id\u00e9ale pour les voyageurs audacieux au style affirm\u00e9. \ud83c\udf39\ud83d\udd25<\/p>\n","protected":false},"excerpt":{"rendered":"<blockquote data-start=\"561\" data-end=\"685\">\n<p data-start=\"563\" data-end=\"685\">Housse vibrante pour valise cabine. Motif floral rouge et noir, tissu extensible, s\u00e9curit\u00e9 zipp\u00e9e et QR code personnalis\u00e9.<\/p>\n<\/blockquote>\n<h3 data-start=\"687\" data-end=\"720\"><\/h3>\n","protected":false},"featured_media":4392,"comment_status":"open","ping_status":"closed","template":"","meta":{"_monsterinsights_skip_tracking":false,"_monsterinsights_sitenote_active":false,"_monsterinsights_sitenote_note":"","_monsterinsights_sitenote_category":0},"product_brand":[],"product_cat":[16,174],"product_tag":[175,176],"class_list":{"0":"post-4505","1":"product","2":"type-product","3":"status-publish","4":"has-post-thumbnail","6":"product_cat-housses-valise","7":"product_cat-taille-s","8":"product_tag-housse-de-valise","9":"product_tag-qr-code","11":"first","12":"instock","13":"shipping-taxable","14":"purchasable","15":"product-type-simple"},"aioseo_notices":[],"_links":{"self":[{"href":"https:\/\/textall.tn\/index.php\/wp-json\/wp\/v2\/product\/4505","targetHints":{"allow":["GET"]}}],"collection":[{"href":"https:\/\/textall.tn\/index.php\/wp-json\/wp\/v2\/product"}],"about":[{"href":"https:\/\/textall.tn\/index.php\/wp-json\/wp\/v2\/types\/product"}],"replies":[{"embeddable":true,"href":"https:\/\/textall.tn\/index.php\/wp-json\/wp\/v2\/comments?post=4505"}],"wp:featuredmedia":[{"embeddable":true,"href":"https:\/\/textall.tn\/index.php\/wp-json\/wp\/v2\/media\/4392"}],"wp:attachment":[{"href":"https:\/\/textall.tn\/index.php\/wp-json\/wp\/v2\/media?parent=4505"}],"wp:term":[{"taxonomy":"product_brand","embeddable":true,"href":"https:\/\/textall.tn\/index.php\/wp-json\/wp\/v2\/product_brand?post=4505"},{"taxonomy":"product_cat","embeddable":true,"href":"https:\/\/textall.tn\/index.php\/wp-json\/wp\/v2\/product_cat?post=4505"},{"taxonomy":"product_tag","embeddable":true,"href":"https:\/\/textall.tn\/index.php\/wp-json\/wp\/v2\/product_tag?post=4505"}],"curies":[{"name":"wp","href":"https:\/\/api.w.org\/{rel}","templated":true}]}}