{"id":4504,"date":"2025-06-22T21:15:54","date_gmt":"2025-06-22T19:15:54","guid":{"rendered":"https:\/\/textall.tn\/?post_type=product&#038;p=4504"},"modified":"2025-06-22T21:20:45","modified_gmt":"2025-06-22T19:20:45","slug":"housse-de-valise-fleur-du-feu-taille-m","status":"publish","type":"product","link":"https:\/\/textall.tn\/index.php\/produit\/housse-de-valise-fleur-du-feu-taille-m\/","title":{"rendered":"Housse de valise \u2013 Fleur du Feu (Taille M)"},"content":{"rendered":"<p data-start=\"1705\" data-end=\"2105\">Pens\u00e9e pour les valises de <strong data-start=\"1732\" data-end=\"1761\">60 \u00e0 65 cm (22\u201325 pouces)<\/strong>, la housse <strong data-start=\"1773\" data-end=\"1800\">Fleur du Feu \u2013 Taille M<\/strong> combine puissance visuelle et robustesse :<br data-start=\"1843\" data-end=\"1846\" \/>\u2714\ufe0f <strong data-start=\"1851\" data-end=\"1875\">Motif floral intense<\/strong>, m\u00e9lange de rouge ardent et de noir profond<br data-start=\"1919\" data-end=\"1922\" \/>\u2714\ufe0f Tissu stretch solide et lavable<br data-start=\"1958\" data-end=\"1961\" \/>\u2714\ufe0f <strong data-start=\"1966\" data-end=\"2015\">3 fermetures zipp\u00e9es + zip de s\u00e9curit\u00e9 en bas<\/strong><br data-start=\"2015\" data-end=\"2018\" \/>\u2714\ufe0f <strong data-start=\"2023\" data-end=\"2042\">QR code int\u00e9gr\u00e9<\/strong>, \u00e0 personnaliser selon votre choix (profil, WhatsApp, Insta)<\/p>\n<p data-start=\"2112\" data-end=\"2177\">Un accessoire audacieux pour affirmer votre style sur chaque vol.<\/p>\n","protected":false},"excerpt":{"rendered":"<p>Taille M (60\u201365 cm), motif feu floral, tissu stretch r\u00e9sistant, QR code personnalis\u00e9 et fermeture zipp\u00e9e renforc\u00e9e.<\/p>\n","protected":false},"featured_media":4391,"comment_status":"open","ping_status":"closed","template":"","meta":{"_monsterinsights_skip_tracking":false,"_monsterinsights_sitenote_active":false,"_monsterinsights_sitenote_note":"","_monsterinsights_sitenote_category":0},"product_brand":[],"product_cat":[16,173],"product_tag":[175,176],"class_list":{"0":"post-4504","1":"product","2":"type-product","3":"status-publish","4":"has-post-thumbnail","6":"product_cat-housses-valise","7":"product_cat-taille-m","8":"product_tag-housse-de-valise","9":"product_tag-qr-code","11":"first","12":"instock","13":"shipping-taxable","14":"purchasable","15":"product-type-simple"},"aioseo_notices":[],"_links":{"self":[{"href":"https:\/\/textall.tn\/index.php\/wp-json\/wp\/v2\/product\/4504","targetHints":{"allow":["GET"]}}],"collection":[{"href":"https:\/\/textall.tn\/index.php\/wp-json\/wp\/v2\/product"}],"about":[{"href":"https:\/\/textall.tn\/index.php\/wp-json\/wp\/v2\/types\/product"}],"replies":[{"embeddable":true,"href":"https:\/\/textall.tn\/index.php\/wp-json\/wp\/v2\/comments?post=4504"}],"wp:featuredmedia":[{"embeddable":true,"href":"https:\/\/textall.tn\/index.php\/wp-json\/wp\/v2\/media\/4391"}],"wp:attachment":[{"href":"https:\/\/textall.tn\/index.php\/wp-json\/wp\/v2\/media?parent=4504"}],"wp:term":[{"taxonomy":"product_brand","embeddable":true,"href":"https:\/\/textall.tn\/index.php\/wp-json\/wp\/v2\/product_brand?post=4504"},{"taxonomy":"product_cat","embeddable":true,"href":"https:\/\/textall.tn\/index.php\/wp-json\/wp\/v2\/product_cat?post=4504"},{"taxonomy":"product_tag","embeddable":true,"href":"https:\/\/textall.tn\/index.php\/wp-json\/wp\/v2\/product_tag?post=4504"}],"curies":[{"name":"wp","href":"https:\/\/api.w.org\/{rel}","templated":true}]}}