{"id":4491,"date":"2025-06-22T18:26:34","date_gmt":"2025-06-22T16:26:34","guid":{"rendered":"https:\/\/textall.tn\/?post_type=product&#038;p=4491"},"modified":"2025-06-22T18:28:15","modified_gmt":"2025-06-22T16:28:15","slug":"housse-de-valise-monozebra-tailles-s-m-l","status":"publish","type":"product","link":"https:\/\/textall.tn\/index.php\/produit\/housse-de-valise-monozebra-tailles-s-m-l\/","title":{"rendered":"Housse de valise \u2013 MonoZebra (Tailles S, M, L)"},"content":{"rendered":"<blockquote data-start=\"3683\" data-end=\"4219\">\n<p data-start=\"3685\" data-end=\"3894\">Pr\u00e9parez-vous \u00e0 voyager avec style avec le <strong data-start=\"3728\" data-end=\"3754\">pack complet MonoZebra<\/strong>, comprenant :<br data-start=\"3768\" data-end=\"3771\" \/>\u2714\ufe0f 1 housse taille S (valise cabine)<br data-start=\"3809\" data-end=\"3812\" \/>\u2714\ufe0f 1 housse taille M (valise moyenne)<br data-start=\"3851\" data-end=\"3854\" \/>\u2714\ufe0f 1 housse taille L (grande valise)<\/p>\n<p data-start=\"3901\" data-end=\"4134\">Chaque housse offre :<br data-start=\"3922\" data-end=\"3925\" \/>\u2714\ufe0f Un <strong data-start=\"3933\" data-end=\"3961\">design noir &amp; blanc chic<\/strong> et reconnaissable<br data-start=\"3979\" data-end=\"3982\" \/>\u2714\ufe0f <strong data-start=\"3987\" data-end=\"4017\">Tissu stretch anti-rayures<\/strong><br data-start=\"4017\" data-end=\"4020\" \/>\u2714\ufe0f <strong data-start=\"4025\" data-end=\"4092\">Fermetures \u00e9clair sur poign\u00e9es + fermeture inf\u00e9rieure s\u00e9curis\u00e9e<\/strong><br data-start=\"4092\" data-end=\"4095\" \/>\u2714\ufe0f <strong data-start=\"4100\" data-end=\"4132\">QR code personnalis\u00e9 int\u00e9gr\u00e9<\/strong><\/p>\n<p data-start=\"4141\" data-end=\"4219\">\ud83d\udcbc Id\u00e9al pour ceux qui veulent un set complet et coordonn\u00e9 pour leurs bagages.<\/p>\n<\/blockquote>\n","protected":false},"excerpt":{"rendered":"<blockquote data-start=\"3503\" data-end=\"3651\">\n<p data-start=\"3505\" data-end=\"3651\">Le pack parfait : 3 housses MonoZebra pour valises S, M, L. Style graphique, QR codes int\u00e9gr\u00e9s, fermeture s\u00e9curis\u00e9e. Pr\u00eat \u00e0 voyager chic et malin.<\/p>\n<\/blockquote>\n","protected":false},"featured_media":4492,"comment_status":"open","ping_status":"closed","template":"","meta":{"_monsterinsights_skip_tracking":false,"_monsterinsights_sitenote_active":false,"_monsterinsights_sitenote_note":"","_monsterinsights_sitenote_category":0},"product_brand":[],"product_cat":[16,177],"product_tag":[175,178,176],"class_list":{"0":"post-4491","1":"product","2":"type-product","3":"status-publish","4":"has-post-thumbnail","6":"product_cat-housses-valise","7":"product_cat-pack-complet","8":"product_tag-housse-de-valise","9":"product_tag-pack-complet-de-housses","10":"product_tag-qr-code","12":"first","13":"instock","14":"shipping-taxable","15":"product-type-simple"},"aioseo_notices":[],"_links":{"self":[{"href":"https:\/\/textall.tn\/index.php\/wp-json\/wp\/v2\/product\/4491","targetHints":{"allow":["GET"]}}],"collection":[{"href":"https:\/\/textall.tn\/index.php\/wp-json\/wp\/v2\/product"}],"about":[{"href":"https:\/\/textall.tn\/index.php\/wp-json\/wp\/v2\/types\/product"}],"replies":[{"embeddable":true,"href":"https:\/\/textall.tn\/index.php\/wp-json\/wp\/v2\/comments?post=4491"}],"wp:featuredmedia":[{"embeddable":true,"href":"https:\/\/textall.tn\/index.php\/wp-json\/wp\/v2\/media\/4492"}],"wp:attachment":[{"href":"https:\/\/textall.tn\/index.php\/wp-json\/wp\/v2\/media?parent=4491"}],"wp:term":[{"taxonomy":"product_brand","embeddable":true,"href":"https:\/\/textall.tn\/index.php\/wp-json\/wp\/v2\/product_brand?post=4491"},{"taxonomy":"product_cat","embeddable":true,"href":"https:\/\/textall.tn\/index.php\/wp-json\/wp\/v2\/product_cat?post=4491"},{"taxonomy":"product_tag","embeddable":true,"href":"https:\/\/textall.tn\/index.php\/wp-json\/wp\/v2\/product_tag?post=4491"}],"curies":[{"name":"wp","href":"https:\/\/api.w.org\/{rel}","templated":true}]}}