{"id":4490,"date":"2025-06-22T18:17:46","date_gmt":"2025-06-22T16:17:46","guid":{"rendered":"https:\/\/textall.tn\/?post_type=product&#038;p=4490"},"modified":"2025-06-22T18:17:47","modified_gmt":"2025-06-22T16:17:47","slug":"housse-de-valise-indigo-lines-taille-s","status":"publish","type":"product","link":"https:\/\/textall.tn\/index.php\/produit\/housse-de-valise-indigo-lines-taille-s\/","title":{"rendered":"Housse de valise \u2013 Indigo Lines (Taille S)"},"content":{"rendered":"<blockquote data-start=\"521\" data-end=\"942\">\n<p data-start=\"523\" data-end=\"942\">housse &#8220;Indigo Lines&#8221; en taille S est con\u00e7ue pour les valises cabine de <strong data-start=\"601\" data-end=\"630\">50 \u00e0 55 cm (18\u201321 pouces)<\/strong>.<br data-start=\"631\" data-end=\"634\" \/>\u2714\ufe0f <strong data-start=\"639\" data-end=\"686\">Motif \u00e0 lignes bleues \u00e9l\u00e9gant et intemporel<\/strong><br data-start=\"686\" data-end=\"689\" \/>\u2714\ufe0f Tissu stretch anti-rayures<br data-start=\"720\" data-end=\"723\" \/>\u2714\ufe0f <strong data-start=\"728\" data-end=\"752\">3 ouvertures zipp\u00e9es<\/strong> pour les poign\u00e9es lat\u00e9rales et principale<br data-start=\"794\" data-end=\"797\" \/>\u2714\ufe0f <strong data-start=\"802\" data-end=\"832\">Fermeture renforc\u00e9e en bas<\/strong> pour un ajustement parfait<br data-start=\"859\" data-end=\"862\" \/>\u2714\ufe0f <strong data-start=\"867\" data-end=\"894\">QR code personnalisable<\/strong> pour faciliter l\u2019identification de votre valise<\/p>\n<\/blockquote>\n","protected":false},"excerpt":{"rendered":"<p>Pour valise cabine (50\u201355 cm). Design moderne \u00e0 lignes indigo, tissu extensible, s\u00e9curit\u00e9 renforc\u00e9e et QR code personnalis\u00e9.<\/p>\n","protected":false},"featured_media":4386,"comment_status":"open","ping_status":"closed","template":"","meta":{"_monsterinsights_skip_tracking":false,"_monsterinsights_sitenote_active":false,"_monsterinsights_sitenote_note":"","_monsterinsights_sitenote_category":0},"product_brand":[],"product_cat":[16,174],"product_tag":[175,176],"class_list":{"0":"post-4490","1":"product","2":"type-product","3":"status-publish","4":"has-post-thumbnail","6":"product_cat-housses-valise","7":"product_cat-taille-s","8":"product_tag-housse-de-valise","9":"product_tag-qr-code","11":"first","12":"instock","13":"shipping-taxable","14":"purchasable","15":"product-type-simple"},"aioseo_notices":[],"_links":{"self":[{"href":"https:\/\/textall.tn\/index.php\/wp-json\/wp\/v2\/product\/4490","targetHints":{"allow":["GET"]}}],"collection":[{"href":"https:\/\/textall.tn\/index.php\/wp-json\/wp\/v2\/product"}],"about":[{"href":"https:\/\/textall.tn\/index.php\/wp-json\/wp\/v2\/types\/product"}],"replies":[{"embeddable":true,"href":"https:\/\/textall.tn\/index.php\/wp-json\/wp\/v2\/comments?post=4490"}],"wp:featuredmedia":[{"embeddable":true,"href":"https:\/\/textall.tn\/index.php\/wp-json\/wp\/v2\/media\/4386"}],"wp:attachment":[{"href":"https:\/\/textall.tn\/index.php\/wp-json\/wp\/v2\/media?parent=4490"}],"wp:term":[{"taxonomy":"product_brand","embeddable":true,"href":"https:\/\/textall.tn\/index.php\/wp-json\/wp\/v2\/product_brand?post=4490"},{"taxonomy":"product_cat","embeddable":true,"href":"https:\/\/textall.tn\/index.php\/wp-json\/wp\/v2\/product_cat?post=4490"},{"taxonomy":"product_tag","embeddable":true,"href":"https:\/\/textall.tn\/index.php\/wp-json\/wp\/v2\/product_tag?post=4490"}],"curies":[{"name":"wp","href":"https:\/\/api.w.org\/{rel}","templated":true}]}}