{"id":4486,"date":"2025-06-22T17:43:44","date_gmt":"2025-06-22T15:43:44","guid":{"rendered":"https:\/\/textall.tn\/?post_type=product&#038;p=4486"},"modified":"2025-06-22T17:52:50","modified_gmt":"2025-06-22T15:52:50","slug":"pack-complet-indigo-lines-tailles-s-m-l","status":"publish","type":"product","link":"https:\/\/textall.tn\/index.php\/produit\/pack-complet-indigo-lines-tailles-s-m-l\/","title":{"rendered":"Housse de valise \u2013 Indigo Lines (Tailles S, M, L)"},"content":{"rendered":"<blockquote data-start=\"2502\" data-end=\"2718\">\n<p data-start=\"2504\" data-end=\"2718\">Pr\u00e9parez-vous \u00e0 toute \u00e9ventualit\u00e9 avec le <strong data-start=\"2546\" data-end=\"2575\">pack complet Indigo Lines<\/strong>.<br data-start=\"2576\" data-end=\"2579\" \/>Vous recevrez :<br data-start=\"2596\" data-end=\"2599\" \/>\u2714\ufe0f <strong data-start=\"2604\" data-end=\"2625\">1 housse taille S<\/strong> (50\u201355 cm)<br data-start=\"2636\" data-end=\"2639\" \/>\u2714\ufe0f <strong data-start=\"2644\" data-end=\"2665\">1 housse taille M<\/strong> (60\u201365 cm)<br data-start=\"2676\" data-end=\"2679\" \/>\u2714\ufe0f <strong data-start=\"2684\" data-end=\"2705\">1 housse taille L<\/strong> (70\u201375 cm)<\/p>\n<\/blockquote>\n<p data-start=\"2720\" data-end=\"2960\">Chaque housse inclut :<br data-start=\"2742\" data-end=\"2745\" \/>\u2714\ufe0f <strong data-start=\"2748\" data-end=\"2789\">Design \u00e9l\u00e9gant \u00e0 lignes bleues indigo<\/strong><br data-start=\"2789\" data-end=\"2792\" \/>\u2714\ufe0f Tissu extensible et durable<br data-start=\"2822\" data-end=\"2825\" \/>\u2714\ufe0f <strong data-start=\"2828\" data-end=\"2885\">3 fermetures zipp\u00e9es + fermeture inf\u00e9rieure renforc\u00e9e<\/strong><br data-start=\"2885\" data-end=\"2888\" \/>\u2714\ufe0f <strong data-start=\"2891\" data-end=\"2918\">QR code personnalisable<\/strong> pour contact facile et s\u00e9curit\u00e9 renforc\u00e9e<\/p>\n<p data-start=\"2962\" data-end=\"3027\">\ud83d\udca1 Id\u00e9al pour les voyageurs r\u00e9guliers ou pour offrir en cadeau \ud83c\udf81<\/p>\n","protected":false},"excerpt":{"rendered":"<p>Le trio indispensable pour vos voyages. Recevez les 3 tailles du mod\u00e8le &#8220;Indigo Lines&#8221; avec QR code sur chaque housse.<\/p>\n<p>\u2714\ufe0f <strong data-start=\"2604\" data-end=\"2625\">1 housse taille S<\/strong> (50\u201355 cm)<br data-start=\"2636\" data-end=\"2639\" \/>\u2714\ufe0f <strong data-start=\"2644\" data-end=\"2665\">1 housse taille M<\/strong> (60\u201365 cm)<br data-start=\"2676\" data-end=\"2679\" \/>\u2714\ufe0f <strong data-start=\"2684\" data-end=\"2705\">1 housse taille L<\/strong> (70\u201375 cm)<\/p>\n","protected":false},"featured_media":4487,"comment_status":"open","ping_status":"closed","template":"","meta":{"_monsterinsights_skip_tracking":false,"_monsterinsights_sitenote_active":false,"_monsterinsights_sitenote_note":"","_monsterinsights_sitenote_category":0},"product_brand":[],"product_cat":[16,177],"product_tag":[175,178,176],"class_list":{"0":"post-4486","1":"product","2":"type-product","3":"status-publish","4":"has-post-thumbnail","6":"product_cat-housses-valise","7":"product_cat-pack-complet","8":"product_tag-housse-de-valise","9":"product_tag-pack-complet-de-housses","10":"product_tag-qr-code","12":"first","13":"instock","14":"shipping-taxable","15":"purchasable","16":"product-type-simple"},"aioseo_notices":[],"_links":{"self":[{"href":"https:\/\/textall.tn\/index.php\/wp-json\/wp\/v2\/product\/4486","targetHints":{"allow":["GET"]}}],"collection":[{"href":"https:\/\/textall.tn\/index.php\/wp-json\/wp\/v2\/product"}],"about":[{"href":"https:\/\/textall.tn\/index.php\/wp-json\/wp\/v2\/types\/product"}],"replies":[{"embeddable":true,"href":"https:\/\/textall.tn\/index.php\/wp-json\/wp\/v2\/comments?post=4486"}],"wp:featuredmedia":[{"embeddable":true,"href":"https:\/\/textall.tn\/index.php\/wp-json\/wp\/v2\/media\/4487"}],"wp:attachment":[{"href":"https:\/\/textall.tn\/index.php\/wp-json\/wp\/v2\/media?parent=4486"}],"wp:term":[{"taxonomy":"product_brand","embeddable":true,"href":"https:\/\/textall.tn\/index.php\/wp-json\/wp\/v2\/product_brand?post=4486"},{"taxonomy":"product_cat","embeddable":true,"href":"https:\/\/textall.tn\/index.php\/wp-json\/wp\/v2\/product_cat?post=4486"},{"taxonomy":"product_tag","embeddable":true,"href":"https:\/\/textall.tn\/index.php\/wp-json\/wp\/v2\/product_tag?post=4486"}],"curies":[{"name":"wp","href":"https:\/\/api.w.org\/{rel}","templated":true}]}}